{"id":32,"date":"2026-03-28T11:09:43","date_gmt":"2026-03-28T10:09:43","guid":{"rendered":"https:\/\/www.blockfloeten-orchester.ch\/?page_id=32"},"modified":"2026-03-28T12:18:51","modified_gmt":"2026-03-28T11:18:51","slug":"mitspielen","status":"publish","type":"page","link":"https:\/\/www.blockfloeten-orchester.ch\/index.php\/das-blockfloeten-orchester\/mitspielen\/","title":{"rendered":"Mitspielen"},"content":{"rendered":"\n<div class=\"wp-block-designsetgo-section alignfull dsgo-stack\" style=\"padding-top:var(--wp--preset--spacing--70);padding-right:var(--wp--preset--spacing--30);padding-bottom:var(--wp--preset--spacing--70);padding-left:var(--wp--preset--spacing--30)\"><div class=\"dsgo-stack__inner is-layout-flex wp-container-designsetgo-section-is-layout-e0dd31f7 wp-block-designsetgo-section-is-layout-flex\" style=\"max-width:var(--wp--style--global--content-size, 1140px);margin-left:auto;margin-right:auto\">\n<div class=\"wp-block-designsetgo-advanced-heading dsgo-advanced-heading has-text-align-center has-x-large-font-size\"><h2 class=\"dsgo-advanced-heading__inner\">\n<span class=\"wp-block-designsetgo-heading-segment dsgo-heading-segment\" style=\"font-weight:900\"><span class=\"dsgo-heading-segment__text\">Mitspielen<\/span><\/span>\n\n\n<\/h2><\/div>\n<\/div><\/div>\n\n\n\n<p>Wir spielen originale Werke f\u00fcr Blockfl\u00f6ten-Orchester sowie Arrangements von der Renaissance bis zur Neuzeit.<\/p>\n\n\n\n<p>Wir proben meist einmal\u00a0\u00a0im Monat am Samstagnachmittag in Lenzburg, 2 Gehminuten vom Bahnhof. Wir spielen in angenehmer Atmosph\u00e4re und zeigen Wertsch\u00e4tzung f\u00fcr unsere unterschiedlichen F\u00e4higkeiten. F\u00fcr einen Schnuppertermin bitte <a href=\"mailto:sarahgiger@atravers.ch\">Sarah Giger<\/a> kontaktieren<\/p>\n\n\n\n<p><\/p>\n\n\n\n<p><\/p>\n\n\n\n<p><\/p>\n\n\n\n<p><\/p>\n","protected":false},"excerpt":{"rendered":"<p>Wir spielen originale Werke f\u00fcr Blockfl\u00f6ten-Orchester sowie Arrangements von der Renaissance bis zur Neuzeit. Wir proben meist einmal\u00a0\u00a0im Monat am Samstagnachmittag in Lenzburg, 2 Gehminuten vom Bahnhof. Wir spielen in&#8230;<\/p>\n","protected":false},"author":1,"featured_media":0,"parent":6,"menu_order":0,"comment_status":"closed","ping_status":"closed","template":"","meta":{"_kad_post_transparent":"","_kad_post_title":"hide","_kad_post_layout":"","_kad_post_sidebar_id":"","_kad_post_content_style":"","_kad_post_vertical_padding":"","_kad_post_feature":"","_kad_post_feature_position":"","_kad_post_header":false,"_kad_post_footer":false,"_kad_post_classname":"","dsgo_overlay_header":false,"dsgo_overlay_header_text_color":"","dsgo_overlay_skip_top_bar":false,"_designsetgo_exclude_llms":false,"footnotes":""},"class_list":["post-32","page","type-page","status-publish","hentry"],"_links":{"self":[{"href":"https:\/\/www.blockfloeten-orchester.ch\/index.php\/wp-json\/wp\/v2\/pages\/32","targetHints":{"allow":["GET"]}}],"collection":[{"href":"https:\/\/www.blockfloeten-orchester.ch\/index.php\/wp-json\/wp\/v2\/pages"}],"about":[{"href":"https:\/\/www.blockfloeten-orchester.ch\/index.php\/wp-json\/wp\/v2\/types\/page"}],"author":[{"embeddable":true,"href":"https:\/\/www.blockfloeten-orchester.ch\/index.php\/wp-json\/wp\/v2\/users\/1"}],"replies":[{"embeddable":true,"href":"https:\/\/www.blockfloeten-orchester.ch\/index.php\/wp-json\/wp\/v2\/comments?post=32"}],"version-history":[{"count":8,"href":"https:\/\/www.blockfloeten-orchester.ch\/index.php\/wp-json\/wp\/v2\/pages\/32\/revisions"}],"predecessor-version":[{"id":72,"href":"https:\/\/www.blockfloeten-orchester.ch\/index.php\/wp-json\/wp\/v2\/pages\/32\/revisions\/72"}],"up":[{"embeddable":true,"href":"https:\/\/www.blockfloeten-orchester.ch\/index.php\/wp-json\/wp\/v2\/pages\/6"}],"wp:attachment":[{"href":"https:\/\/www.blockfloeten-orchester.ch\/index.php\/wp-json\/wp\/v2\/media?parent=32"}],"curies":[{"name":"wp","href":"https:\/\/api.w.org\/{rel}","templated":true}]}}